{"id":758,"date":"2018-10-20T17:17:51","date_gmt":"2018-10-20T17:17:51","guid":{"rendered":"http:\/\/privateyachtcharter.pt\/reservas\/"},"modified":"2021-06-02T18:48:29","modified_gmt":"2021-06-02T18:48:29","slug":"verfuegbarkeit-pruefen","status":"publish","type":"page","link":"https:\/\/privateyachtcharter.pt\/de\/verfuegbarkeit-pruefen\/","title":{"rendered":"Verf\u00fcgbarkeit Pr\u00fcfen"},"content":{"rendered":"<p>[et_pb_section fb_built=&#8220;1&#8243; specialty=&#8220;on&#8220; _builder_version=&#8220;3.22&#8243;][et_pb_column type=&#8220;1_2&#8243; _builder_version=&#8220;3.25&#8243; custom_padding=&#8220;|||&#8220; custom_padding__hover=&#8220;|||&#8220;][et_pb_contact_form email=&#8220;info@privateyachtcharter.pt&#8220; title=&#8220;VERF\u00dcGBARKEIT PR\u00dcFEN&#8220; custom_message=&#8220;Check In: %%checkin%%||et_pb_line_break_holder||Check Out: %%checkout%%||et_pb_line_break_holder||Marina: %%marina%%||et_pb_line_break_holder||Pessoas: %%nrpessoas%%||et_pb_line_break_holder||Tipo de Barco: %%tipodebarco%%||et_pb_line_break_holder||Nome: %%nome%%||et_pb_line_break_holder||E-mail: %%email%%||et_pb_line_break_holder||O que procura: %%oqueprocura%%&#8220; use_redirect=&#8220;on&#8220; redirect_url=&#8220;\/\/privateyachtcharter.pt\/de\/danke-fuer-den-kontakt\/&#8220; success_message=&#8220;Ihre Reservierung wurde registriert. Sie werden in K\u00fcrze kontaktiert. Danke&#8220; submit_button_text=&#8220;VERF\u00dcGBARKEIT PR\u00dcFEN&#8220; module_id=&#8220;et_pb_contact_form_0&#8243; _builder_version=&#8220;4.5.3&#8243; form_field_text_align=&#8220;left&#8220; hover_enabled=&#8220;0&#8243; saved_tabs=&#8220;all&#8220;][et_pb_contact_field field_id=&#8220;checkin&#8220; field_title=&#8220;Check-In&#8220; required_mark=&#8220;off&#8220; _builder_version=&#8220;3.19.5&#8243; button_text_size__hover_enabled=&#8220;off&#8220; button_one_text_size__hover_enabled=&#8220;off&#8220; button_two_text_size__hover_enabled=&#8220;off&#8220; button_text_color__hover_enabled=&#8220;off&#8220; button_one_text_color__hover_enabled=&#8220;off&#8220; button_two_text_color__hover_enabled=&#8220;off&#8220; button_border_width__hover_enabled=&#8220;off&#8220; button_one_border_width__hover_enabled=&#8220;off&#8220; button_two_border_width__hover_enabled=&#8220;off&#8220; button_border_color__hover_enabled=&#8220;off&#8220; button_one_border_color__hover_enabled=&#8220;off&#8220; button_two_border_color__hover_enabled=&#8220;off&#8220; button_border_radius__hover_enabled=&#8220;off&#8220; button_one_border_radius__hover_enabled=&#8220;off&#8220; button_two_border_radius__hover_enabled=&#8220;off&#8220; button_letter_spacing__hover_enabled=&#8220;off&#8220; button_one_letter_spacing__hover_enabled=&#8220;off&#8220; button_two_letter_spacing__hover_enabled=&#8220;off&#8220; button_bg_color__hover_enabled=&#8220;off&#8220; button_one_bg_color__hover_enabled=&#8220;off&#8220; button_two_bg_color__hover_enabled=&#8220;off&#8220;][\/et_pb_contact_field][et_pb_contact_field field_id=&#8220;checkout&#8220; field_title=&#8220;Check Out&#8220; required_mark=&#8220;off&#8220; _builder_version=&#8220;3.19.5&#8243; button_text_size__hover_enabled=&#8220;off&#8220; button_one_text_size__hover_enabled=&#8220;off&#8220; button_two_text_size__hover_enabled=&#8220;off&#8220; button_text_color__hover_enabled=&#8220;off&#8220; button_one_text_color__hover_enabled=&#8220;off&#8220; button_two_text_color__hover_enabled=&#8220;off&#8220; button_border_width__hover_enabled=&#8220;off&#8220; button_one_border_width__hover_enabled=&#8220;off&#8220; button_two_border_width__hover_enabled=&#8220;off&#8220; button_border_color__hover_enabled=&#8220;off&#8220; button_one_border_color__hover_enabled=&#8220;off&#8220; button_two_border_color__hover_enabled=&#8220;off&#8220; button_border_radius__hover_enabled=&#8220;off&#8220; button_one_border_radius__hover_enabled=&#8220;off&#8220; button_two_border_radius__hover_enabled=&#8220;off&#8220; button_letter_spacing__hover_enabled=&#8220;off&#8220; button_one_letter_spacing__hover_enabled=&#8220;off&#8220; button_two_letter_spacing__hover_enabled=&#8220;off&#8220; button_bg_color__hover_enabled=&#8220;off&#8220; button_one_bg_color__hover_enabled=&#8220;off&#8220; button_two_bg_color__hover_enabled=&#8220;off&#8220;][\/et_pb_contact_field][et_pb_contact_field field_id=&#8220;marina&#8220; field_title=&#8220;Yachthafen&#8220; field_type=&#8220;select&#8220; select_options=&#8220;%91{%22value%22:%22Lisboa%22,%22checked%22:0,%22dragID%22:-1},{%22dragID%22:0,%22value%22:%22Portim\u00e3o%22,%22checked%22:0},{%22dragID%22:1,%22value%22:%22Lagos%22,%22checked%22:0},{%22dragID%22:2,%22value%22:%22Albufeira%22,%22checked%22:0},{%22dragID%22:3,%22value%22:%22Vilamoura%22,%22checked%22:0},{%22dragID%22:4,%22value%22:%22Outros%22,%22checked%22:0}%93&#8243; required_mark=&#8220;off&#8220; fullwidth_field=&#8220;on&#8220; _builder_version=&#8220;3.19.5&#8243; button_text_size__hover_enabled=&#8220;off&#8220; button_one_text_size__hover_enabled=&#8220;off&#8220; button_two_text_size__hover_enabled=&#8220;off&#8220; button_text_color__hover_enabled=&#8220;off&#8220; button_one_text_color__hover_enabled=&#8220;off&#8220; button_two_text_color__hover_enabled=&#8220;off&#8220; button_border_width__hover_enabled=&#8220;off&#8220; button_one_border_width__hover_enabled=&#8220;off&#8220; button_two_border_width__hover_enabled=&#8220;off&#8220; button_border_color__hover_enabled=&#8220;off&#8220; button_one_border_color__hover_enabled=&#8220;off&#8220; button_two_border_color__hover_enabled=&#8220;off&#8220; button_border_radius__hover_enabled=&#8220;off&#8220; button_one_border_radius__hover_enabled=&#8220;off&#8220; button_two_border_radius__hover_enabled=&#8220;off&#8220; button_letter_spacing__hover_enabled=&#8220;off&#8220; button_one_letter_spacing__hover_enabled=&#8220;off&#8220; button_two_letter_spacing__hover_enabled=&#8220;off&#8220; button_bg_color__hover_enabled=&#8220;off&#8220; button_one_bg_color__hover_enabled=&#8220;off&#8220; button_two_bg_color__hover_enabled=&#8220;off&#8220;][\/et_pb_contact_field][et_pb_contact_field field_id=&#8220;nrpessoas&#8220; field_title=&#8220;Personenzahl&#8220; field_type=&#8220;select&#8220; select_options=&#8220;%91{%22value%22:%221%22,%22checked%22:0,%22dragID%22:-1},{%22dragID%22:0,%22value%22:%222%22,%22checked%22:0},{%22dragID%22:1,%22value%22:%223%22,%22checked%22:0},{%22dragID%22:2,%22value%22:%224%22,%22checked%22:0},{%22dragID%22:3,%22value%22:%225%22,%22checked%22:0},{%22dragID%22:4,%22value%22:%226%22,%22checked%22:0},{%22dragID%22:5,%22value%22:%227%22,%22checked%22:0},{%22dragID%22:6,%22value%22:%228%22,%22checked%22:0},{%22dragID%22:7,%22value%22:%229%22,%22checked%22:0},{%22dragID%22:8,%22value%22:%2210%22,%22checked%22:0},{%22dragID%22:9,%22value%22:%2211%22,%22checked%22:0},{%22dragID%22:10,%22value%22:%2212%22,%22checked%22:0},{%22dragID%22:11,%22value%22:%2213%22,%22checked%22:0},{%22dragID%22:12,%22value%22:%2214%22,%22checked%22:0},{%22dragID%22:13,%22value%22:%2215%22,%22checked%22:0},{%22dragID%22:14,%22value%22:%22> 15%22,%22checked%22:0}%93&#8243; required_mark=&#8220;off&#8220; fullwidth_field=&#8220;on&#8220; _builder_version=&#8220;3.19.5&#8243; button_text_size__hover_enabled=&#8220;off&#8220; button_one_text_size__hover_enabled=&#8220;off&#8220; button_two_text_size__hover_enabled=&#8220;off&#8220; button_text_color__hover_enabled=&#8220;off&#8220; button_one_text_color__hover_enabled=&#8220;off&#8220; button_two_text_color__hover_enabled=&#8220;off&#8220; button_border_width__hover_enabled=&#8220;off&#8220; button_one_border_width__hover_enabled=&#8220;off&#8220; button_two_border_width__hover_enabled=&#8220;off&#8220; button_border_color__hover_enabled=&#8220;off&#8220; button_one_border_color__hover_enabled=&#8220;off&#8220; button_two_border_color__hover_enabled=&#8220;off&#8220; button_border_radius__hover_enabled=&#8220;off&#8220; button_one_border_radius__hover_enabled=&#8220;off&#8220; button_two_border_radius__hover_enabled=&#8220;off&#8220; button_letter_spacing__hover_enabled=&#8220;off&#8220; button_one_letter_spacing__hover_enabled=&#8220;off&#8220; button_two_letter_spacing__hover_enabled=&#8220;off&#8220; button_bg_color__hover_enabled=&#8220;off&#8220; button_one_bg_color__hover_enabled=&#8220;off&#8220; button_two_bg_color__hover_enabled=&#8220;off&#8220;][\/et_pb_contact_field][et_pb_contact_field field_id=&#8220;tipodebarco&#8220; field_title=&#8220;Yacht*&#8220; field_type=&#8220;select&#8220; select_options=&#8220;%91{%22value%22:%22Shipman 50%22,%22checked%22:0,%22dragID%22:-1},{%22dragID%22:0,%22value%22:%22Revolution 46%22,%22checked%22:0},{%22dragID%22:2,%22value%22:%22Hawk 32%22,%22checked%22:0},{%22value%22:%22Power 29%22,%22checked%22:0,%22dragID%22:3},{%22dragID%22:4,%22value%22:%22Catraio do Tejo%22,%22checked%22:0}%93&#8243; fullwidth_field=&#8220;on&#8220; _builder_version=&#8220;4.5.3&#8243; hover_enabled=&#8220;0&#8243; button_text_size__hover_enabled=&#8220;off&#8220; button_one_text_size__hover_enabled=&#8220;off&#8220; button_two_text_size__hover_enabled=&#8220;off&#8220; button_text_color__hover_enabled=&#8220;off&#8220; button_one_text_color__hover_enabled=&#8220;off&#8220; button_two_text_color__hover_enabled=&#8220;off&#8220; button_border_width__hover_enabled=&#8220;off&#8220; button_one_border_width__hover_enabled=&#8220;off&#8220; button_two_border_width__hover_enabled=&#8220;off&#8220; button_border_color__hover_enabled=&#8220;off&#8220; button_one_border_color__hover_enabled=&#8220;off&#8220; button_two_border_color__hover_enabled=&#8220;off&#8220; button_border_radius__hover_enabled=&#8220;off&#8220; button_one_border_radius__hover_enabled=&#8220;off&#8220; button_two_border_radius__hover_enabled=&#8220;off&#8220; button_letter_spacing__hover_enabled=&#8220;off&#8220; button_one_letter_spacing__hover_enabled=&#8220;off&#8220; button_two_letter_spacing__hover_enabled=&#8220;off&#8220; button_bg_color__hover_enabled=&#8220;off&#8220; button_one_bg_color__hover_enabled=&#8220;off&#8220; button_two_bg_color__hover_enabled=&#8220;off&#8220;][\/et_pb_contact_field][et_pb_contact_field field_id=&#8220;nome&#8220; field_title=&#8220;Voller Name*&#8220; fullwidth_field=&#8220;on&#8220; _builder_version=&#8220;3.19.5&#8243; button_text_size__hover_enabled=&#8220;off&#8220; button_one_text_size__hover_enabled=&#8220;off&#8220; button_two_text_size__hover_enabled=&#8220;off&#8220; button_text_color__hover_enabled=&#8220;off&#8220; button_one_text_color__hover_enabled=&#8220;off&#8220; button_two_text_color__hover_enabled=&#8220;off&#8220; button_border_width__hover_enabled=&#8220;off&#8220; button_one_border_width__hover_enabled=&#8220;off&#8220; button_two_border_width__hover_enabled=&#8220;off&#8220; button_border_color__hover_enabled=&#8220;off&#8220; button_one_border_color__hover_enabled=&#8220;off&#8220; button_two_border_color__hover_enabled=&#8220;off&#8220; button_border_radius__hover_enabled=&#8220;off&#8220; button_one_border_radius__hover_enabled=&#8220;off&#8220; button_two_border_radius__hover_enabled=&#8220;off&#8220; button_letter_spacing__hover_enabled=&#8220;off&#8220; button_one_letter_spacing__hover_enabled=&#8220;off&#8220; button_two_letter_spacing__hover_enabled=&#8220;off&#8220; button_bg_color__hover_enabled=&#8220;off&#8220; button_one_bg_color__hover_enabled=&#8220;off&#8220; button_two_bg_color__hover_enabled=&#8220;off&#8220;][\/et_pb_contact_field][et_pb_contact_field field_id=&#8220;email&#8220; field_title=&#8220;E-mail*&#8220; field_type=&#8220;email&#8220; fullwidth_field=&#8220;on&#8220; _builder_version=&#8220;3.19.5&#8243; button_text_size__hover_enabled=&#8220;off&#8220; button_one_text_size__hover_enabled=&#8220;off&#8220; button_two_text_size__hover_enabled=&#8220;off&#8220; button_text_color__hover_enabled=&#8220;off&#8220; button_one_text_color__hover_enabled=&#8220;off&#8220; button_two_text_color__hover_enabled=&#8220;off&#8220; button_border_width__hover_enabled=&#8220;off&#8220; button_one_border_width__hover_enabled=&#8220;off&#8220; button_two_border_width__hover_enabled=&#8220;off&#8220; button_border_color__hover_enabled=&#8220;off&#8220; button_one_border_color__hover_enabled=&#8220;off&#8220; button_two_border_color__hover_enabled=&#8220;off&#8220; button_border_radius__hover_enabled=&#8220;off&#8220; button_one_border_radius__hover_enabled=&#8220;off&#8220; button_two_border_radius__hover_enabled=&#8220;off&#8220; button_letter_spacing__hover_enabled=&#8220;off&#8220; button_one_letter_spacing__hover_enabled=&#8220;off&#8220; button_two_letter_spacing__hover_enabled=&#8220;off&#8220; button_bg_color__hover_enabled=&#8220;off&#8220; button_one_bg_color__hover_enabled=&#8220;off&#8220; button_two_bg_color__hover_enabled=&#8220;off&#8220;][\/et_pb_contact_field][et_pb_contact_field field_id=&#8220;oqueprocura&#8220; field_title=&#8220;Details  z.B besondere W\u00fcnsche, Abla &#8220; field_type=&#8220;text&#8220; required_mark=&#8220;off&#8220; fullwidth_field=&#8220;on&#8220; _builder_version=&#8220;3.19.5&#8243; button_text_size__hover_enabled=&#8220;off&#8220; button_one_text_size__hover_enabled=&#8220;off&#8220; button_two_text_size__hover_enabled=&#8220;off&#8220; button_text_color__hover_enabled=&#8220;off&#8220; button_one_text_color__hover_enabled=&#8220;off&#8220; button_two_text_color__hover_enabled=&#8220;off&#8220; button_border_width__hover_enabled=&#8220;off&#8220; button_one_border_width__hover_enabled=&#8220;off&#8220; button_two_border_width__hover_enabled=&#8220;off&#8220; button_border_color__hover_enabled=&#8220;off&#8220; button_one_border_color__hover_enabled=&#8220;off&#8220; button_two_border_color__hover_enabled=&#8220;off&#8220; button_border_radius__hover_enabled=&#8220;off&#8220; button_one_border_radius__hover_enabled=&#8220;off&#8220; button_two_border_radius__hover_enabled=&#8220;off&#8220; button_letter_spacing__hover_enabled=&#8220;off&#8220; button_one_letter_spacing__hover_enabled=&#8220;off&#8220; button_two_letter_spacing__hover_enabled=&#8220;off&#8220; button_bg_color__hover_enabled=&#8220;off&#8220; button_one_bg_color__hover_enabled=&#8220;off&#8220; button_two_bg_color__hover_enabled=&#8220;off&#8220;][\/et_pb_contact_field][et_pb_contact_field field_id=&#8220;rgpd&#8220; field_title=&#8220;RGPD&#8220; field_type=&#8220;checkbox&#8220; checkbox_options=&#8220;%91{%22value%22:%22 Ich stimme der Datenschutzerkl\u00e4rung *%22,%22checked%22:0,%22dragID%22:-1,%22link_url%22:%22\/de\/datenschutzerklaerung%22}%93&#8243; fullwidth_field=&#8220;on&#8220; _builder_version=&#8220;3.19.5&#8243;][\/et_pb_contact_field][\/et_pb_contact_form][\/et_pb_column][et_pb_column type=&#8220;1_2&#8243; specialty_columns=&#8220;2&#8243; _builder_version=&#8220;3.25&#8243; custom_padding=&#8220;|||&#8220; custom_padding__hover=&#8220;|||&#8220;][et_pb_row_inner _builder_version=&#8220;3.25&#8243; column_structure=&#8220;1_2,1_2&#8243;][et_pb_column_inner type=&#8220;1_2&#8243; saved_specialty_column_type=&#8220;1_2&#8243; _builder_version=&#8220;3.25&#8243; custom_padding=&#8220;|||&#8220; custom_padding__hover=&#8220;|||&#8220;][et_pb_blurb title=&#8220;Hohe Servicequalit\u00e4t&#8220; image=&#8220;https:\/\/privateyachtcharter.pt\/wp-content\/uploads\/2019\/01\/cup.png&#8220; image_max_width=&#8220;75%&#8220; _builder_version=&#8220;3.18.2&#8243; header_font=&#8220;||||||||&#8220; header_text_align=&#8220;center&#8220; body_font=&#8220;||||||||&#8220;]<br \/>\n[\/et_pb_blurb][\/et_pb_column_inner][et_pb_column_inner type=&#8220;1_2&#8243; saved_specialty_column_type=&#8220;1_2&#8243; _builder_version=&#8220;3.25&#8243; custom_padding=&#8220;|||&#8220; custom_padding__hover=&#8220;|||&#8220;][et_pb_blurb title=&#8220;Beste Ausr\u00fcstung auf dem Markt&#8220; use_icon=&#8220;on&#8220; font_icon=&#8220;%%277%%&#8220; icon_color=&#8220;#1e2e42&#8243; _builder_version=&#8220;3.17.2&#8243; header_font=&#8220;||||||||&#8220; header_text_align=&#8220;center&#8220; body_font=&#8220;||||||||&#8220;]<br \/>\n[\/et_pb_blurb][\/et_pb_column_inner][\/et_pb_row_inner][et_pb_row_inner _builder_version=&#8220;3.25&#8243;][et_pb_column_inner saved_specialty_column_type=&#8220;1_2&#8243; _builder_version=&#8220;3.25&#8243; custom_padding=&#8220;|||&#8220; custom_padding__hover=&#8220;|||&#8220;][et_pb_video src=&#8220;https:\/\/privateyachtcharter.pt\/wp-content\/uploads\/2018\/10\/V\u00eddeo-de-barbarakohlerrichter-PYC.mp4&#8243; image_src=&#8220;https:\/\/privateyachtcharter.pt\/wp-content\/uploads\/2018\/10\/1-11.jpg&#8220; play_icon_color=&#8220;#2991d6&#8243; _builder_version=&#8220;3.17.2&#8243; border_width_all=&#8220;10px&#8220; border_color_all=&#8220;#2991d6&#8243; box_shadow_style=&#8220;preset2&#8243;]<br \/>\n[\/et_pb_video][\/et_pb_column_inner][\/et_pb_row_inner][\/et_pb_column][\/et_pb_section]<\/p>\n","protected":false},"excerpt":{"rendered":"<p>[et_pb_section fb_built=&#8220;1&#8243; specialty=&#8220;on&#8220; _builder_version=&#8220;3.22&#8243;][et_pb_column type=&#8220;1_2&#8243; _builder_version=&#8220;3.25&#8243; custom_padding=&#8220;|||&#8220; custom_padding__hover=&#8220;|||&#8220;][et_pb_contact_form email=&#8220;info@privateyachtcharter.pt&#8220; title=&#8220;VERF\u00dcGBARKEIT PR\u00dcFEN&#8220; custom_message=&#8220;Check In: %%checkin%%||et_pb_line_break_holder||Check Out: %%checkout%%||et_pb_line_break_holder||Marina: %%marina%%||et_pb_line_break_holder||Pessoas: %%nrpessoas%%||et_pb_line_break_holder||Tipo de Barco: %%tipodebarco%%||et_pb_line_break_holder||Nome: %%nome%%||et_pb_line_break_holder||E-mail: %%email%%||et_pb_line_break_holder||O que procura: %%oqueprocura%%&#8220; use_redirect=&#8220;on&#8220; redirect_url=&#8220;\/\/privateyachtcharter.pt\/de\/danke-fuer-den-kontakt\/&#8220; success_message=&#8220;Ihre Reservierung wurde registriert. Sie werden in K\u00fcrze kontaktiert. Danke&#8220; submit_button_text=&#8220;VERF\u00dcGBARKEIT PR\u00dcFEN&#8220; module_id=&#8220;et_pb_contact_form_0&#8243; _builder_version=&#8220;4.5.3&#8243; form_field_text_align=&#8220;left&#8220; hover_enabled=&#8220;0&#8243; saved_tabs=&#8220;all&#8220;][et_pb_contact_field field_id=&#8220;checkin&#8220; field_title=&#8220;Check-In&#8220; required_mark=&#8220;off&#8220; _builder_version=&#8220;3.19.5&#8243; button_text_size__hover_enabled=&#8220;off&#8220; button_one_text_size__hover_enabled=&#8220;off&#8220; button_two_text_size__hover_enabled=&#8220;off&#8220; button_text_color__hover_enabled=&#8220;off&#8220; button_one_text_color__hover_enabled=&#8220;off&#8220; button_two_text_color__hover_enabled=&#8220;off&#8220; [&hellip;]<\/p>\n","protected":false},"author":6,"featured_media":0,"parent":0,"menu_order":0,"comment_status":"closed","ping_status":"closed","template":"","meta":{"_et_pb_use_builder":"on","_et_pb_old_content":"","_et_gb_content_width":"","footnotes":""},"class_list":["post-758","page","type-page","status-publish","hentry"],"aioseo_notices":[],"acf":[],"_links":{"self":[{"href":"https:\/\/privateyachtcharter.pt\/de\/wp-json\/wp\/v2\/pages\/758","targetHints":{"allow":["GET"]}}],"collection":[{"href":"https:\/\/privateyachtcharter.pt\/de\/wp-json\/wp\/v2\/pages"}],"about":[{"href":"https:\/\/privateyachtcharter.pt\/de\/wp-json\/wp\/v2\/types\/page"}],"author":[{"embeddable":true,"href":"https:\/\/privateyachtcharter.pt\/de\/wp-json\/wp\/v2\/users\/6"}],"replies":[{"embeddable":true,"href":"https:\/\/privateyachtcharter.pt\/de\/wp-json\/wp\/v2\/comments?post=758"}],"version-history":[{"count":21,"href":"https:\/\/privateyachtcharter.pt\/de\/wp-json\/wp\/v2\/pages\/758\/revisions"}],"predecessor-version":[{"id":3280,"href":"https:\/\/privateyachtcharter.pt\/de\/wp-json\/wp\/v2\/pages\/758\/revisions\/3280"}],"wp:attachment":[{"href":"https:\/\/privateyachtcharter.pt\/de\/wp-json\/wp\/v2\/media?parent=758"}],"curies":[{"name":"wp","href":"https:\/\/api.w.org\/{rel}","templated":true}]}}