{"id":752,"date":"2018-10-20T16:18:54","date_gmt":"2018-10-20T16:18:54","guid":{"rendered":"http:\/\/privateyachtcharter.pt\/politica-de-privacidade\/"},"modified":"2019-10-24T11:24:02","modified_gmt":"2019-10-24T11:24:02","slug":"datenschutzerklaerung","status":"publish","type":"page","link":"https:\/\/privateyachtcharter.pt\/de\/datenschutzerklaerung\/","title":{"rendered":"Datenschutzerklaerung"},"content":{"rendered":"<p>[et_pb_section fb_built=&#8220;1&#8243; _builder_version=&#8220;3.0.47&#8243;][et_pb_row _builder_version=&#8220;3.0.48&#8243; background_size=&#8220;initial&#8220; background_position=&#8220;top_left&#8220; background_repeat=&#8220;repeat&#8220;][et_pb_column type=&#8220;4_4&#8243; _builder_version=&#8220;3.0.47&#8243; parallax=&#8220;off&#8220; parallax_method=&#8220;on&#8220;][et_pb_post_title meta=&#8220;off&#8220; featured_image=&#8220;off&#8220; _builder_version=&#8220;3.15&#8243; title_font=&#8220;||||||||&#8220; title_font_size_phone=&#8220;27px&#8220; title_font_size_last_edited=&#8220;on|phone&#8220;][\/et_pb_post_title][et_pb_text _builder_version=&#8220;3.17.2&#8243; background_size=&#8220;initial&#8220; background_position=&#8220;top_left&#8220; background_repeat=&#8220;repeat&#8220;]<\/p>\n<p>Diese Datenschutzrichtlinie legt fest, wie PYCPCL-Private Yacht Charters Portugal Lda<span>\u00ae<\/span> mit Sitz in der Avenida Fontes Pereira de Melo, 3-5\u00baDto, 150-115 Lisboa, bei der Handelskammer registriert, mit der Steuernummer 513876480 verwendet und sch\u00fctzt alle Informationen, die Sie der PYCPCL-Private Yacht Charters Portugal Lda<span>\u00ae<\/span> geben, wenn Sie diese Website nutzen. PYCPCL verpflichtet sich sicherzustellen, dass Ihre Privatsph\u00e4re gesch\u00fctzt ist. Wenn wir bestimmte Informationen anfordern, anhand derer Sie mithilfe dieser Website identifiziert werden k\u00f6nnen, k\u00f6nnen Sie sicher sein, dass diese nur in \u00dcbereinstimmung mit dieser Datenschutzerkl\u00e4rung verwendet werden.<\/p>\n<p>[\/et_pb_text][\/et_pb_column][\/et_pb_row][\/et_pb_section][et_pb_section fb_built=&#8220;1&#8243; _builder_version=&#8220;3.15&#8243; background_color=&#8220;#cccccc&#8220;][et_pb_row _builder_version=&#8220;3.15&#8243;][et_pb_column type=&#8220;4_4&#8243; _builder_version=&#8220;3.15&#8243; parallax=&#8220;off&#8220; parallax_method=&#8220;on&#8220;][et_pb_text _builder_version=&#8220;3.17.2&#8243;]<\/p>\n<p><strong>Was sammeln wir?<\/strong><\/p>\n<p>Wir k\u00f6nnen die folgenden Informationen sammeln: Besuchte Website, Zugriffszeit, Anzahl der in Bytes gesendeten Daten Quelle, Verweis, von wo aus Sie auf die Seite und den verwendeten Browser kamen, verwendetes Betriebssystem, verwendete IP-Adresse, Weitere Informationen, die f\u00fcr Suchvorg\u00e4nge und \/ oder Angebote relevant sind Kunden<\/p>\n<p>[\/et_pb_text][\/et_pb_column][\/et_pb_row][\/et_pb_section][et_pb_section fb_built=&#8220;1&#8243; _builder_version=&#8220;3.15&#8243; custom_padding=&#8220;54px|0px|5px|0px|false|false&#8220;][et_pb_row _builder_version=&#8220;3.15&#8243;][et_pb_column type=&#8220;4_4&#8243; _builder_version=&#8220;3.15&#8243; parallax=&#8220;off&#8220; parallax_method=&#8220;on&#8220;][et_pb_text _builder_version=&#8220;3.17.2&#8243;]<\/p>\n<p><strong>Was machen wir mit den gesammelten Informationen?<\/strong><\/p>\n<p>Wir ben\u00f6tigen diese Informationen, um Ihre Bed\u00fcrfnisse zu verstehen und Ihnen einen besseren Service bieten zu k\u00f6nnen, insbesondere f\u00fcr die interne Aufzeichnung. Wir k\u00f6nnen die Informationen verwenden, um unsere Produkte und Dienstleistungen zu verbessern. Wir k\u00f6nnen in regelm\u00e4\u00dfigen Abst\u00e4nden Werbe-E-Mails \u00fcber neue Produkte oder Dienstleistungen, Sonderangebote oder andere Informationen versenden, die wir f\u00fcr Sie unter Verwendung der von Ihnen angegebenen E-Mail-Adresse interessant finden. Von Zeit zu Zeit verwenden wir Ihre Informationen m\u00f6glicherweise auch, um Sie zu Marktforschungszwecken zu kontaktieren. Wir k\u00f6nnen Sie per E-Mail oder Telefon kontaktieren. Wir k\u00f6nnen die Informationen verwenden, um die Website an Ihre Interessen anzupassen.<\/p>\n<p>[\/et_pb_text][\/et_pb_column][\/et_pb_row][et_pb_row _builder_version=&#8220;3.15&#8243;][et_pb_column type=&#8220;4_4&#8243; _builder_version=&#8220;3.15&#8243; parallax=&#8220;off&#8220; parallax_method=&#8220;on&#8220;][et_pb_cta title=&#8220;Sicherheit&#8220; button_text=&#8220;Click Here&#8220; _builder_version=&#8220;3.17.2&#8243; header_font=&#8220;Asap Condensed||||||||&#8220; header_text_align=&#8220;center&#8220; header_text_color=&#8220;#000000&#8243; header_font_size=&#8220;27px&#8220; body_font=&#8220;||||||||&#8220; body_text_align=&#8220;left&#8220; body_text_color=&#8220;#000000&#8243; background_color=&#8220;#cccccc&#8220; button_text_size__hover_enabled=&#8220;off&#8220; button_one_text_size__hover_enabled=&#8220;off&#8220; button_two_text_size__hover_enabled=&#8220;off&#8220; button_text_color__hover_enabled=&#8220;off&#8220; button_one_text_color__hover_enabled=&#8220;off&#8220; button_two_text_color__hover_enabled=&#8220;off&#8220; button_border_width__hover_enabled=&#8220;off&#8220; button_one_border_width__hover_enabled=&#8220;off&#8220; button_two_border_width__hover_enabled=&#8220;off&#8220; button_border_color__hover_enabled=&#8220;off&#8220; button_one_border_color__hover_enabled=&#8220;off&#8220; button_two_border_color__hover_enabled=&#8220;off&#8220; button_border_radius__hover_enabled=&#8220;off&#8220; button_one_border_radius__hover_enabled=&#8220;off&#8220; button_two_border_radius__hover_enabled=&#8220;off&#8220; button_letter_spacing__hover_enabled=&#8220;off&#8220; button_one_letter_spacing__hover_enabled=&#8220;off&#8220; button_two_letter_spacing__hover_enabled=&#8220;off&#8220; button_bg_color__hover_enabled=&#8220;off&#8220; button_one_bg_color__hover_enabled=&#8220;off&#8220; button_two_bg_color__hover_enabled=&#8220;off&#8220;]<\/p>\n<p>Wir setzen uns daf\u00fcr ein, dass Ihre Daten sicher sind. Um den unbefugten Zugriff oder die Offenlegung zu verhindern, haben wir geeignete physische, elektronische und administrative Verfahren eingef\u00fchrt, um die online gesammelten Informationen zu sch\u00fctzen und zu sch\u00fctzen.<\/p>\n<p>[\/et_pb_cta][\/et_pb_column][\/et_pb_row][\/et_pb_section][et_pb_section fb_built=&#8220;1&#8243; _builder_version=&#8220;3.15&#8243; custom_padding=&#8220;4px|0px|3px|0px|false|false&#8220;][et_pb_row _builder_version=&#8220;3.15&#8243;][et_pb_column type=&#8220;4_4&#8243; _builder_version=&#8220;3.15&#8243; parallax=&#8220;off&#8220; parallax_method=&#8220;on&#8220;][et_pb_text _builder_version=&#8220;3.17.2&#8243;]<\/p>\n<p><strong>Wie setzen wir Cookies ein?<\/strong><\/p>\n<p>Ein Cookie ist eine kleine Datei, in der Sie um Erlaubnis bitten, auf der Festplatte Ihres Computers gespeichert zu werden. Wenn Sie damit einverstanden sind, wird die Datei hinzugef\u00fcgt und das Cookie hilft Ihnen, den Webverkehr zu analysieren oder Sie zu warnen, wenn Sie eine bestimmte Website besuchen. Cookies erm\u00f6glichen es Webanwendungen, auf Sie als Einzelperson zu reagieren. Die Webanwendung kann Ihre Vorg\u00e4nge an Ihre Bed\u00fcrfnisse, Vorlieben und Abneigungen anpassen und Informationen \u00fcber Ihre Pr\u00e4ferenzen sammeln und speichern. Wir verwenden Traffic Log Cookies, um festzustellen, welche Seiten verwendet werden. Dies hilft uns, Daten \u00fcber den Webseitenverkehr zu analysieren und unsere Website an die Kundenbed\u00fcrfnisse anzupassen. Wir verwenden diese Informationen nur f\u00fcr statistische Analysezwecke. Anschlie\u00dfend werden die Daten aus dem System entfernt. Cookies helfen uns im Allgemeinen, Ihnen eine bessere Website zu bieten, indem Sie uns die \u00dcberwachung der Seiten erm\u00f6glichen, die Sie f\u00fcr n\u00fctzlich halten, und f\u00fcr solche, die nicht n\u00fctzlich sind. Ein Cookie gew\u00e4hrt uns keinen Zugriff auf Ihren Computer oder auf andere Informationen \u00fcber Sie, au\u00dfer den Daten, die Sie uns zur Verf\u00fcgung stellen. Sie k\u00f6nnen Cookies akzeptieren oder ablehnen. Die meisten Browser akzeptieren Cookies automatisch. Sie k\u00f6nnen jedoch die Einstellung Ihres Browsers \u00e4ndern, um Cookies abzulehnen, wenn Sie dies vorziehen. Dies kann jedoch verhindern, dass Sie Ihre Website optimal nutzen.<\/p>\n<p>[\/et_pb_text][\/et_pb_column][\/et_pb_row][\/et_pb_section][et_pb_section fb_built=&#8220;1&#8243; _builder_version=&#8220;3.15&#8243; background_color=&#8220;#e8e8e8&#8243; custom_padding=&#8220;2px|0px|54px|0px|false|false&#8220;][et_pb_row _builder_version=&#8220;3.15&#8243;][et_pb_column type=&#8220;4_4&#8243; _builder_version=&#8220;3.15&#8243; parallax=&#8220;off&#8220; parallax_method=&#8220;on&#8220;][et_pb_text _builder_version=&#8220;3.17.2&#8243;]<\/p>\n<p><strong>Links zu anderen Seiten<\/strong><\/p>\n<p>Unsere Website kann Links zu anderen interessanten Websites enthalten. Sobald Sie diese Links jedoch zum Verlassen unserer Website verwendet haben, haben wir keinen Zugriff mehr auf diese andere Website. Daher k\u00f6nnen wir nicht f\u00fcr den Schutz und die Vertraulichkeit von Informationen, die Sie beim Besuch solcher Websites bereitstellen, verantwortlich sein, wenn diese Websites nicht durch diese Datenschutzerkl\u00e4rung oder \u00e4hnliches geregelt werden. Sie sollten vorsichtig sein und die geltenden Datenschutzbestimmungen f\u00fcr die betreffende Website beachten. Durch die Kontrolle Ihrer pers\u00f6nlichen Daten k\u00f6nnen Sie die Erfassung oder Verwendung Ihrer pers\u00f6nlichen Daten auf folgende Weise einschr\u00e4nken: Selbst wenn Sie zuvor der Verwendung Ihrer pers\u00f6nlichen Daten f\u00fcr Direktmarketingzwecke zugestimmt haben, k\u00f6nnen Sie Ihre Meinung jederzeit durch Schreiben an uns \u00e4ndern -mail info@privateyachtcharter.pt.<\/p>\n<p>[\/et_pb_text][\/et_pb_column][\/et_pb_row][\/et_pb_section]<\/p>\n","protected":false},"excerpt":{"rendered":"<p>[et_pb_section fb_built=&#8220;1&#8243; _builder_version=&#8220;3.0.47&#8243;][et_pb_row _builder_version=&#8220;3.0.48&#8243; background_size=&#8220;initial&#8220; background_position=&#8220;top_left&#8220; background_repeat=&#8220;repeat&#8220;][et_pb_column type=&#8220;4_4&#8243; _builder_version=&#8220;3.0.47&#8243; parallax=&#8220;off&#8220; parallax_method=&#8220;on&#8220;][et_pb_post_title meta=&#8220;off&#8220; featured_image=&#8220;off&#8220; _builder_version=&#8220;3.15&#8243; title_font=&#8220;||||||||&#8220; title_font_size_phone=&#8220;27px&#8220; title_font_size_last_edited=&#8220;on|phone&#8220;][\/et_pb_post_title][et_pb_text _builder_version=&#8220;3.17.2&#8243; background_size=&#8220;initial&#8220; background_position=&#8220;top_left&#8220; background_repeat=&#8220;repeat&#8220;] Diese Datenschutzrichtlinie legt fest, wie PYCPCL-Private Yacht Charters Portugal Lda\u00ae mit Sitz in der Avenida Fontes Pereira de Melo, 3-5\u00baDto, 150-115 Lisboa, bei der Handelskammer registriert, mit der Steuernummer 513876480 verwendet und sch\u00fctzt alle [&hellip;]<\/p>\n","protected":false},"author":6,"featured_media":0,"parent":0,"menu_order":0,"comment_status":"closed","ping_status":"closed","template":"","meta":{"_et_pb_use_builder":"on","_et_pb_old_content":"<p>Esta pol\u00edtica de privacidade define como a <strong>PYCPCL-Private Yacht Charters Portugal Lda<\/strong>, com sede na Av. Fontes Pereira de Melo, 3-5\u00baDto, 150-115 Lisboa, registada na C\u00e2mara de Com\u00e9rcio, com o n\u00famero de identifica\u00e7\u00e3o fiscal 513876480 utiliza e protege toda a informa\u00e7\u00e3o que der \u00e0 <strong>PYCPCL-Private Yacht Charters Portugal Lda<\/strong> quando utilizar este website. A <strong>PYCPCL<\/strong> est\u00e1 comprometida em garantir que sua privacidade esteja protegida. Se solicitarmos determinadas informa\u00e7\u00f5es pelas quais voc\u00ea possa ser identificado ao usar este site, poder\u00e1 ter certeza de que ele ser\u00e1 usado somente de acordo com esta declara\u00e7\u00e3o de privacidade.<\/p><p><strong>O que n\u00f3s coletamos?<\/strong><\/p><p>Podemos coletar as seguintes informa\u00e7\u00f5es: Site visitado, Tempo de acesso, Quantidade de dados enviados em bytes Fonte, refer\u00eancia de onde veio para a p\u00e1gina e Navegador usado, Sistema operacional usado, Endere\u00e7o IP usado, Outras informa\u00e7\u00f5es relevantes para pesquisas e \/ ou ofertas de clientes<\/p><p><strong>O que fazemos com as informa\u00e7\u00f5es que coletamos?<\/strong><\/p><p>Precisamos dessas informa\u00e7\u00f5es para entender as suas necessidades e fornecer um servi\u00e7o melhor e, em particular, para Registo interno. Podemos usar as informa\u00e7\u00f5es para melhorar os nossos produtos e servi\u00e7os. Podemos enviar periodicamente e-mails promocionais sobre novos produtos ou servi\u00e7os, ofertas especiais ou outras informa\u00e7\u00f5es que achamos serem interessantes para si, usando o endere\u00e7o de e-mail que voc\u00ea forneceu. De tempos em tempos, podemos tamb\u00e9m usar suas informa\u00e7\u00f5es para contat\u00e1-lo para fins de pesquisa de mercado. Podemos entrar em contato por e-mail ou telefone. Podemos usar as informa\u00e7\u00f5es para personalizar o site de acordo com seus interesses.<\/p><p><strong>Seguran\u00e7a.<\/strong><\/p><p>Estamos comprometidos em garantir que as suas informa\u00e7\u00f5es estejam seguras. A fim de impedir o acesso ou divulga\u00e7\u00e3o n\u00e3o autorizados, implementamos procedimentos f\u00edsicos, eletr\u00f4nicos e administrativos adequados para salvaguardar e proteger as informa\u00e7\u00f5es que coletamos on-line.<\/p><p><strong>Como usamos cookies?<\/strong><\/p><p>Um cookie \u00e9 um pequeno arquivo que pede permiss\u00e3o para ser colocado no disco r\u00edgido do seu computador. Uma vez que voc\u00ea concorda, o arquivo \u00e9 adicionado e o cookie ajuda a analisar o tr\u00e1fego da web ou avisa quando voc\u00ea visita um determinado site. Os cookies permitem que os aplicativos da web lhe respondam como indiv\u00edduo. O aplicativo da Web pode adaptar as suas opera\u00e7\u00f5es \u00e0s suas necessidades, gostos e n\u00e3o gostos, reunindo e lembrando informa\u00e7\u00f5es sobre suas prefer\u00eancias. Usamos cookies de registro de tr\u00e1fego para identificar quais p\u00e1ginas est\u00e3o sendo usadas. Isso nos ajuda a analisar dados sobre o tr\u00e1fego de p\u00e1ginas da Web e melhorar nosso site para adequ\u00e1-lo \u00e0s necessidades do cliente. S\u00f3 usamos essas informa\u00e7\u00f5es para fins de an\u00e1lise estat\u00edstica e, em seguida, os dados s\u00e3o removidos do sistema. Os cookies em geral ajudam-nos a fornecer-lhe um website melhor, permitindo-nos monitorizar as p\u00e1ginas que considera \u00fateis e as que n\u00e3o s\u00e3o \u00fateis. Um cookie n\u00e3o nos d\u00e1 acesso ao seu computador nem qualquer informa\u00e7\u00e3o sobre si, al\u00e9m dos dados que escolhe compartilhar connosco. Pode optar por aceitar ou recusar cookies. A maioria dos navegadores aceita cookies automaticamente, mas pode modificar a configura\u00e7\u00e3o do seu navegador para recusar os cookies, se preferir embora Isso possa impedir que aproveite ao m\u00e1ximo o site.<\/p><p><strong>Links para outros sites.<\/strong><\/p><p>O nosso site pode conter links para outros sites de interesse. No entanto, uma vez que tenha usado esses links para sair do nosso site, j\u00e1 n\u00f3s n\u00e3o temos acesso a esse outro site. Portanto, n\u00e3o podemos ser respons\u00e1veis pela prote\u00e7\u00e3o e privacidade de qualquer informa\u00e7\u00e3o que possa fornecer enquanto estiver visitando esses sites se esses sites n\u00e3o forem regidos por esta declara\u00e7\u00e3o de privacidade ou uma semelhante. Deve ter cuidado e observar a declara\u00e7\u00e3o de privacidade aplic\u00e1vel ao site em quest\u00e3o. Controlando suas informa\u00e7\u00f5es pessoais vai poder optar por restringir a coleta ou uso de suas informa\u00e7\u00f5es pessoais das seguintes formas: Mesmo que j\u00e1 tenha concordado previamente com o uso suas informa\u00e7\u00f5es pessoais para fins de marketing direto, a qualquer momento pode mudar de ideias escrevendo para o e-mail info@privateyachtcharter.pt.<\/p>","_et_gb_content_width":"","footnotes":""},"class_list":["post-752","page","type-page","status-publish","hentry"],"aioseo_notices":[],"acf":[],"_links":{"self":[{"href":"https:\/\/privateyachtcharter.pt\/de\/wp-json\/wp\/v2\/pages\/752","targetHints":{"allow":["GET"]}}],"collection":[{"href":"https:\/\/privateyachtcharter.pt\/de\/wp-json\/wp\/v2\/pages"}],"about":[{"href":"https:\/\/privateyachtcharter.pt\/de\/wp-json\/wp\/v2\/types\/page"}],"author":[{"embeddable":true,"href":"https:\/\/privateyachtcharter.pt\/de\/wp-json\/wp\/v2\/users\/6"}],"replies":[{"embeddable":true,"href":"https:\/\/privateyachtcharter.pt\/de\/wp-json\/wp\/v2\/comments?post=752"}],"version-history":[{"count":3,"href":"https:\/\/privateyachtcharter.pt\/de\/wp-json\/wp\/v2\/pages\/752\/revisions"}],"predecessor-version":[{"id":2401,"href":"https:\/\/privateyachtcharter.pt\/de\/wp-json\/wp\/v2\/pages\/752\/revisions\/2401"}],"wp:attachment":[{"href":"https:\/\/privateyachtcharter.pt\/de\/wp-json\/wp\/v2\/media?parent=752"}],"curies":[{"name":"wp","href":"https:\/\/api.w.org\/{rel}","templated":true}]}}