{"id":742,"date":"2018-10-20T21:00:59","date_gmt":"2018-10-20T21:00:59","guid":{"rendered":"http:\/\/privateyachtcharter.pt\/perguntas-frequentes\/"},"modified":"2019-10-17T15:25:29","modified_gmt":"2019-10-17T15:25:29","slug":"faq-de","status":"publish","type":"page","link":"https:\/\/privateyachtcharter.pt\/de\/faq-de\/","title":{"rendered":"H\u00e4ufig gestellte Fragen"},"content":{"rendered":"<p>[et_pb_section fb_built=&#8220;1&#8243; fullwidth=&#8220;on&#8220; _builder_version=&#8220;3.17.2&#8243;][et_pb_fullwidth_header title=&#8220;H\u00e4ufig gestellte Fragen&#8220; subhead=&#8220;{%22dynamic%22:true,%22content%22:%22site_tagline%22,%22settings%22:{%22before%22:%22%22,%22after%22:%22%22}}&#8220; _builder_version=&#8220;3.17.2&#8243; _dynamic_attributes=&#8220;subhead&#8220; background_color=&#8220;#2275ac&#8220; custom_button_two=&#8220;on&#8220; button_two_border_width=&#8220;0px&#8220; button_two_font=&#8220;||||||||&#8220; link_option_url_new_window=&#8220;on&#8220;][\/et_pb_fullwidth_header][\/et_pb_section][et_pb_section fb_built=&#8220;1&#8243; _builder_version=&#8220;3.17.2&#8243;][et_pb_row _builder_version=&#8220;3.17.2&#8243;][et_pb_column type=&#8220;1_2&#8243; _builder_version=&#8220;3.17.2&#8243; parallax=&#8220;off&#8220; parallax_method=&#8220;on&#8220;][et_pb_accordion _builder_version=&#8220;3.17.2&#8243; toggle_font=&#8220;||||||||&#8220;][et_pb_accordion_item title=&#8220;Was ist einen Crewed Charter?&#8220; open=&#8220;on&#8220; _builder_version=&#8220;3.17.2&#8243; title_text_shadow_horizontal_length=&#8220;0em&#8220; title_text_shadow_vertical_length=&#8220;0em&#8220; title_text_shadow_blur_strength=&#8220;0em&#8220; body_text_shadow_horizontal_length=&#8220;0em&#8220; body_text_shadow_vertical_length=&#8220;0em&#8220; body_text_shadow_blur_strength=&#8220;0em&#8220;]Ein Crewed Charter ist ein Charter wo sich eine permanete Crew um die Yacht und Passagiere k\u00fcmmert. Die Crew besteht aus einem Skipper und einer Hostess und falls erforderlich noch zus\u00e4tzliche Crewmitglieder.<br \/>\n[\/et_pb_accordion_item][et_pb_accordion_item title=&#8220;Bareboat Charter, ist das m\u00f6glich?&#8220; open=&#8220;off&#8220; _builder_version=&#8220;3.17.2&#8243; title_text_shadow_horizontal_length=&#8220;0em&#8220; title_text_shadow_vertical_length=&#8220;0em&#8220; title_text_shadow_blur_strength=&#8220;0em&#8220; body_text_shadow_horizontal_length=&#8220;0em&#8220; body_text_shadow_vertical_length=&#8220;0em&#8220; body_text_shadow_blur_strength=&#8220;0em&#8220;]Ein Bareboat ist einfach ein Boot, das ohne Crew vermietet wird. Private Yacht Charter bietet keine Yacht ohne mindestens 1 Besatzungsmitglied an.<br \/>\n[\/et_pb_accordion_item][\/et_pb_accordion][et_pb_toggle title=&#8220;Was das richtige Boot f\u00fcr mich?&#8220; open=&#8220;on&#8220; _builder_version=&#8220;3.17.2&#8243;]Alle unsere Boote sind Skipper gef\u00fchrt, sodass Sie sich weder um Handhabung noch um das Segeln sorgen m\u00fcssen. Das richtige Boot h\u00e4ngt von Ihren W\u00fcnschen ab. Hart am Wind segeln? Oder doch Geschwindigkeit? Reisen Sie alleine oder doch mit der Familie? Fragen Sie uns, wir helfen Ihnen gerne bei der Bootsauswahl f\u00fcr Ihren Urlaub.<br \/>\n[\/et_pb_toggle][et_pb_accordion _builder_version=&#8220;3.17.2&#8243;][et_pb_accordion_item title=&#8220;Brauche ich eine Lizenz zum Chartern?&#8220; open=&#8220;on&#8220; _builder_version=&#8220;3.17.2&#8243; title_text_shadow_horizontal_length=&#8220;0em&#8220; title_text_shadow_vertical_length=&#8220;0em&#8220; title_text_shadow_blur_strength=&#8220;0em&#8220; body_text_shadow_horizontal_length=&#8220;0em&#8220; body_text_shadow_vertical_length=&#8220;0em&#8220; body_text_shadow_blur_strength=&#8220;0em&#8220;]Da alle unsere Boote Skipper gef\u00fchrt sind, ben\u00f6tigen Sie keine g\u00fcltige Lizenz noch Segelerfahrung.<br \/>\n[\/et_pb_accordion_item][et_pb_accordion_item title=&#8220;Welcher T\u00f6rn welche Route?&#8220; open=&#8220;off&#8220; _builder_version=&#8220;3.17.2&#8243; title_text_shadow_horizontal_length=&#8220;0em&#8220; title_text_shadow_vertical_length=&#8220;0em&#8220; title_text_shadow_blur_strength=&#8220;0em&#8220; body_text_shadow_horizontal_length=&#8220;0em&#8220; body_text_shadow_vertical_length=&#8220;0em&#8220; body_text_shadow_blur_strength=&#8220;0em&#8220;]Kommt auf den Dauer Ihres Aufenthaltes, und auf Ihre W\u00fcnsche an. Aber Sie k\u00f6nnen sich sicher sein das unsere Skipper die besten und sch\u00f6nsten Buchten und Ankerpl\u00e4zte kennen.<br \/>\n[\/et_pb_accordion_item][\/et_pb_accordion][\/et_pb_column][et_pb_column type=&#8220;1_2&#8243; _builder_version=&#8220;3.17.2&#8243; parallax=&#8220;off&#8220; parallax_method=&#8220;on&#8220;][et_pb_toggle title=&#8220;Ich habe mich f\u00fcr einen Charter mit Kapit\u00e4n entschieden. Kann ich die Yacht trotzdem steuern?&#8220; _builder_version=&#8220;3.19.5&#8243;]<\/p>\n<p>Wenn Sie ein Boot mit einem Skipper gemietet haben, wird der Bootseigner oder der Skipper als Kapit\u00e4n des Bootes bezeichnet.<\/p>\n<p>Vorausgesetzt, der Skipper genehmigt dies, k\u00f6nnen Sie das Ruder \u00fcbernehmen und bestimmte Segelman\u00f6ver ausf\u00fchren, wenn es sich bei dem von Ihnen gemieteten Boot um ein Segelboot handelt.<\/p>\n<p>Wenn Sie einen Motorbot mieten, kann der Skipper Sie das Schiff steuern lassen, wenn Sie \u00fcber den entsprechenden Bootsf\u00fchrerschein verf\u00fcgen.<\/p>\n<p>[\/et_pb_toggle][et_pb_toggle title=&#8220;Was sind verborgene Extras?&#8220; _builder_version=&#8220;3.17.2&#8243;]Wir haben keine versteckten Kosten. Die einizigen zus\u00e4tzlichen Kosten fallen f\u00fcr den Kraftstoff unserer Motorboote an. F\u00fchlen Sie sich frei uns nach einem Kostenvoranschlag f\u00fcr den gew\u00fcnschten T\u00f6rn zu fragen.<br \/>\n[\/et_pb_toggle][et_pb_toggle title=&#8220;Wie sind die Zahlungsmodalit\u00e4ten?&#8220; open=&#8220;on&#8220; open_toggle_text_color=&#8220;#1e2e42&#8243; open_toggle_background_color=&#8220;#cccccc&#8220; icon_color=&#8220;#ffffff&#8220; _builder_version=&#8220;3.17.2&#8243; title_font=&#8220;||||||||&#8220; body_font=&#8220;||||||||&#8220;]Per Bank\u00fcberweisung. Wir stellen Ihnen die Kontodaten zur Verf\u00fcgung , sobald wir alle Zahlungsmodalit\u00e4ten vereinbart haben. \u00dcblicherweise berechnen wir eine 30% Reservierungsgeb\u00fchr und 70% am Tag der Anreise.<br \/>\n[\/et_pb_toggle][et_pb_accordion _builder_version=&#8220;3.17.2&#8243; toggle_font=&#8220;||||||||&#8220;][et_pb_accordion_item title=&#8220;Kann ich weniger als eine Woche Chartern?&#8220; open=&#8220;on&#8220; _builder_version=&#8220;3.17.2&#8243; title_text_shadow_horizontal_length=&#8220;0em&#8220; title_text_shadow_vertical_length=&#8220;0em&#8220; title_text_shadow_blur_strength=&#8220;0em&#8220; body_text_shadow_horizontal_length=&#8220;0em&#8220; body_text_shadow_vertical_length=&#8220;0em&#8220; body_text_shadow_blur_strength=&#8220;0em&#8220;]Wir bieten eine Vielahl von Booten an mit flexiblen Buchungsdaten.<br \/>\n[\/et_pb_accordion_item][et_pb_accordion_item title=&#8220;Was passiert wenn ich meinen Charter k\u00fcndigen muss?&#8220; open=&#8220;off&#8220; _builder_version=&#8220;3.17.2&#8243; title_text_shadow_horizontal_length=&#8220;0em&#8220; title_text_shadow_vertical_length=&#8220;0em&#8220; title_text_shadow_blur_strength=&#8220;0em&#8220; body_text_shadow_horizontal_length=&#8220;0em&#8220; body_text_shadow_vertical_length=&#8220;0em&#8220; body_text_shadow_blur_strength=&#8220;0em&#8220;]<\/p>\n<p>&nbsp;<\/p>\n<div class=\"question active\">\n<div class=\"answer\">Das h\u00e4ngt von der vorher getroffenen Vereinbarung ab, und dem Stornierungsdatum. Bei Stornierungen von 15 Tagen oder weniger vor Mietbeginn, erstatten wir die Reservierungsgeb\u00fchr nicht zur\u00fcck.<\/div>\n<\/div>\n<div class=\"question\">\n<div class=\"title\"><\/div>\n<\/div>\n<p>[\/et_pb_accordion_item][\/et_pb_accordion][\/et_pb_column][\/et_pb_row][et_pb_row _builder_version=&#8220;3.17.2&#8243;][et_pb_column type=&#8220;4_4&#8243; _builder_version=&#8220;3.17.2&#8243; parallax=&#8220;off&#8220; parallax_method=&#8220;on&#8220;][et_pb_button button_url=&#8220;https:\/\/api.whatsapp.com\/send?phone=351919556716&#038;text=&#8220; button_text=&#8220;Frage stellen&#8220; button_alignment=&#8220;center&#8220; _builder_version=&#8220;3.17.2&#8243;][\/et_pb_button][\/et_pb_column][\/et_pb_row][\/et_pb_section]<\/p>\n","protected":false},"excerpt":{"rendered":"<p>[et_pb_section fb_built=&#8220;1&#8243; fullwidth=&#8220;on&#8220; _builder_version=&#8220;3.17.2&#8243;][et_pb_fullwidth_header title=&#8220;H\u00e4ufig gestellte Fragen&#8220; subhead=&#8220;{%22dynamic%22:true,%22content%22:%22site_tagline%22,%22settings%22:{%22before%22:%22%22,%22after%22:%22%22}}&#8220; _builder_version=&#8220;3.17.2&#8243; _dynamic_attributes=&#8220;subhead&#8220; background_color=&#8220;#2275ac&#8220; custom_button_two=&#8220;on&#8220; button_two_border_width=&#8220;0px&#8220; button_two_font=&#8220;||||||||&#8220; link_option_url_new_window=&#8220;on&#8220;][\/et_pb_fullwidth_header][\/et_pb_section][et_pb_section fb_built=&#8220;1&#8243; _builder_version=&#8220;3.17.2&#8243;][et_pb_row _builder_version=&#8220;3.17.2&#8243;][et_pb_column type=&#8220;1_2&#8243; _builder_version=&#8220;3.17.2&#8243; parallax=&#8220;off&#8220; parallax_method=&#8220;on&#8220;][et_pb_accordion _builder_version=&#8220;3.17.2&#8243; toggle_font=&#8220;||||||||&#8220;][et_pb_accordion_item title=&#8220;Was ist einen Crewed Charter?&#8220; open=&#8220;on&#8220; _builder_version=&#8220;3.17.2&#8243; title_text_shadow_horizontal_length=&#8220;0em&#8220; title_text_shadow_vertical_length=&#8220;0em&#8220; title_text_shadow_blur_strength=&#8220;0em&#8220; body_text_shadow_horizontal_length=&#8220;0em&#8220; body_text_shadow_vertical_length=&#8220;0em&#8220; body_text_shadow_blur_strength=&#8220;0em&#8220;]Ein Crewed Charter ist ein Charter wo sich eine permanete Crew um die Yacht und Passagiere k\u00fcmmert. Die Crew [&hellip;]<\/p>\n","protected":false},"author":6,"featured_media":0,"parent":0,"menu_order":0,"comment_status":"closed","ping_status":"closed","template":"","meta":{"_et_pb_use_builder":"on","_et_pb_old_content":"","_et_gb_content_width":"","footnotes":""},"class_list":["post-742","page","type-page","status-publish","hentry"],"aioseo_notices":[],"acf":[],"_links":{"self":[{"href":"https:\/\/privateyachtcharter.pt\/de\/wp-json\/wp\/v2\/pages\/742","targetHints":{"allow":["GET"]}}],"collection":[{"href":"https:\/\/privateyachtcharter.pt\/de\/wp-json\/wp\/v2\/pages"}],"about":[{"href":"https:\/\/privateyachtcharter.pt\/de\/wp-json\/wp\/v2\/types\/page"}],"author":[{"embeddable":true,"href":"https:\/\/privateyachtcharter.pt\/de\/wp-json\/wp\/v2\/users\/6"}],"replies":[{"embeddable":true,"href":"https:\/\/privateyachtcharter.pt\/de\/wp-json\/wp\/v2\/comments?post=742"}],"version-history":[{"count":7,"href":"https:\/\/privateyachtcharter.pt\/de\/wp-json\/wp\/v2\/pages\/742\/revisions"}],"predecessor-version":[{"id":2377,"href":"https:\/\/privateyachtcharter.pt\/de\/wp-json\/wp\/v2\/pages\/742\/revisions\/2377"}],"wp:attachment":[{"href":"https:\/\/privateyachtcharter.pt\/de\/wp-json\/wp\/v2\/media?parent=742"}],"curies":[{"name":"wp","href":"https:\/\/api.w.org\/{rel}","templated":true}]}}