{"id":714,"date":"2018-10-20T18:49:12","date_gmt":"2018-10-20T18:49:12","guid":{"rendered":"http:\/\/privateyachtcharter.pt\/frota\/"},"modified":"2021-06-02T18:53:05","modified_gmt":"2021-06-02T18:53:05","slug":"unsere-flotte","status":"publish","type":"page","link":"https:\/\/privateyachtcharter.pt\/de\/unsere-flotte\/","title":{"rendered":"Unsere Flotte"},"content":{"rendered":"<p>[et_pb_section fb_built=&#8220;1&#8243; fullwidth=&#8220;on&#8220; _builder_version=&#8220;3.22&#8243;][et_pb_fullwidth_post_slider include_categories=&#8220;3&#8243; more_text=&#8220;Verf\u00fcgbarkeit pr\u00fcfen&#8220; show_meta=&#8220;off&#8220; use_bg_overlay=&#8220;off&#8220; use_text_overlay=&#8220;on&#8220; text_overlay_color=&#8220;rgba(68,68,68,0.76)&#8220; show_content_on_mobile=&#8220;off&#8220; disabled_on=&#8220;off|off|off&#8220; _builder_version=&#8220;3.19.5&#8243; background_color=&#8220;#444444&#8243; custom_button=&#8220;on&#8220; button_text_color=&#8220;#ffffff&#8220; button_bg_color=&#8220;rgba(68,68,68,0.85)&#8220; button_border_width=&#8220;0px&#8220; button_alignment=&#8220;right&#8220; button_text_size_tablet=&#8220;&#8220; button_text_size_phone=&#8220;12px&#8220; button_text_size_last_edited=&#8220;on|phone&#8220; button_text_size__hover_enabled=&#8220;off&#8220; button_one_text_size__hover_enabled=&#8220;off&#8220; button_two_text_size__hover_enabled=&#8220;off&#8220; button_text_color__hover_enabled=&#8220;off&#8220; button_one_text_color__hover_enabled=&#8220;off&#8220; button_two_text_color__hover_enabled=&#8220;off&#8220; button_border_width__hover_enabled=&#8220;off&#8220; button_one_border_width__hover_enabled=&#8220;off&#8220; button_two_border_width__hover_enabled=&#8220;off&#8220; button_border_color__hover_enabled=&#8220;off&#8220; button_one_border_color__hover_enabled=&#8220;off&#8220; button_two_border_color__hover_enabled=&#8220;off&#8220; button_border_radius__hover_enabled=&#8220;off&#8220; button_one_border_radius__hover_enabled=&#8220;off&#8220; button_two_border_radius__hover_enabled=&#8220;off&#8220; button_letter_spacing__hover_enabled=&#8220;off&#8220; button_one_letter_spacing__hover_enabled=&#8220;off&#8220; button_two_letter_spacing__hover_enabled=&#8220;off&#8220; button_bg_color__hover_enabled=&#8220;off&#8220; button_one_bg_color__hover_enabled=&#8220;off&#8220; button_two_bg_color__hover_enabled=&#8220;off&#8220;]<br \/>\n[\/et_pb_fullwidth_post_slider][\/et_pb_section][et_pb_section fb_built=&#8220;1&#8243; _builder_version=&#8220;3.22&#8243; custom_padding=&#8220;||0px|&#8220;][et_pb_row _builder_version=&#8220;3.25&#8243; custom_padding=&#8220;27px|0px|5px|0px|false|false&#8220;][et_pb_column type=&#8220;4_4&#8243; _builder_version=&#8220;3.0.47&#8243; custom_padding=&#8220;|||&#8220; custom_padding__hover=&#8220;|||&#8220;][et_pb_post_title meta=&#8220;off&#8220; featured_image=&#8220;off&#8220; _builder_version=&#8220;3.17.2&#8243; title_font=&#8220;||||||||&#8220; title_font_size_tablet=&#8220;&#8220; title_font_size_phone=&#8220;35px&#8220; title_font_size_last_edited=&#8220;on|phone&#8220;]<br \/>\n[\/et_pb_post_title][et_pb_text _builder_version=&#8220;3.27.4&#8243;]<\/p>\n<p>Alle unsere Yachten befinden sich in unserem Privatbesitz und werden deshalb zwischen jedem Charter sorgf\u00e4ltig gewartet und gepflegt. Dennoch verf\u00fcgt unsere Flotte \u00fcber noch andere Boote zum Chartern (<span>auch<\/span> Katamarane) F\u00fcr mehr Information bitte kontaktieren Sie uns.<\/p>\n<p>[\/et_pb_text][\/et_pb_column][\/et_pb_row][\/et_pb_section][et_pb_section fb_built=&#8220;1&#8243; disabled_on=&#8220;on|on|on&#8220; _builder_version=&#8220;3.22&#8243;][et_pb_row _builder_version=&#8220;3.25&#8243;][et_pb_column type=&#8220;4_4&#8243; _builder_version=&#8220;3.0.47&#8243; custom_padding=&#8220;|||&#8220; custom_padding__hover=&#8220;|||&#8220;][et_pb_pricing_tables featured_table_header_background_color=&#8220;#2991d6&#8243; header_background_color=&#8220;#1e2e42&#8243; featured_table_bullet_color=&#8220;#007e55&#8243; featured_table_price_color=&#8220;#2275ac&#8220; _builder_version=&#8220;3.16&#8243; price_text_color=&#8220;#444444&#8243; header_font=&#8220;||||||||&#8220; price_font=&#8220;||||||||&#8220; currency_frequency_font=&#8220;||||||||&#8220; currency_frequency_font_size=&#8220;46px&#8220; price_text_shadow_style=&#8220;preset2&#8243; button_text_size__hover_enabled=&#8220;off&#8220; button_one_text_size__hover_enabled=&#8220;off&#8220; button_two_text_size__hover_enabled=&#8220;off&#8220; button_text_color__hover_enabled=&#8220;off&#8220; button_one_text_color__hover_enabled=&#8220;off&#8220; button_two_text_color__hover_enabled=&#8220;off&#8220; button_border_width__hover_enabled=&#8220;off&#8220; button_one_border_width__hover_enabled=&#8220;off&#8220; button_two_border_width__hover_enabled=&#8220;off&#8220; button_border_color__hover_enabled=&#8220;off&#8220; button_one_border_color__hover_enabled=&#8220;off&#8220; button_two_border_color__hover_enabled=&#8220;off&#8220; button_border_radius__hover_enabled=&#8220;off&#8220; button_one_border_radius__hover_enabled=&#8220;off&#8220; button_two_border_radius__hover_enabled=&#8220;off&#8220; button_letter_spacing__hover_enabled=&#8220;off&#8220; button_one_letter_spacing__hover_enabled=&#8220;off&#8220; button_two_letter_spacing__hover_enabled=&#8220;off&#8220; button_bg_color__hover_enabled=&#8220;off&#8220; button_one_bg_color__hover_enabled=&#8220;off&#8220; button_two_bg_color__hover_enabled=&#8220;off&#8220;][et_pb_pricing_table title=&#8220;Shipman 50&#8243; subtitle=&#8220;Yacht&#8220; currency=&#8220;\u20ac&#8220; sum=&#8220;770&#8243; _builder_version=&#8220;3.16&#8243; button_text_size__hover_enabled=&#8220;off&#8220; button_one_text_size__hover_enabled=&#8220;off&#8220; button_two_text_size__hover_enabled=&#8220;off&#8220; button_text_color__hover_enabled=&#8220;off&#8220; button_one_text_color__hover_enabled=&#8220;off&#8220; button_two_text_color__hover_enabled=&#8220;off&#8220; button_border_width__hover_enabled=&#8220;off&#8220; button_one_border_width__hover_enabled=&#8220;off&#8220; button_two_border_width__hover_enabled=&#8220;off&#8220; button_border_color__hover_enabled=&#8220;off&#8220; button_one_border_color__hover_enabled=&#8220;off&#8220; button_two_border_color__hover_enabled=&#8220;off&#8220; button_border_radius__hover_enabled=&#8220;off&#8220; button_one_border_radius__hover_enabled=&#8220;off&#8220; button_two_border_radius__hover_enabled=&#8220;off&#8220; button_letter_spacing__hover_enabled=&#8220;off&#8220; button_one_letter_spacing__hover_enabled=&#8220;off&#8220; button_two_letter_spacing__hover_enabled=&#8220;off&#8220; button_bg_color__hover_enabled=&#8220;off&#8220; button_one_bg_color__hover_enabled=&#8220;off&#8220; button_two_bg_color__hover_enabled=&#8220;off&#8220;]+ Professionelle Crew,<br \/>\n+ Versicherung<br \/>\n+ Steuern<br \/>\n+ Portugiesischer Champagner<br \/>\n+ Wei\u00dfwein<br \/>\n+ Bier<br \/>\n+ Softdrinks<br \/>\n+ Wasser und leichte Snacks<br \/>\n&#8211; F\u00fcr ma\u00dfgeschneiderte oder Wochencharter kontaktieren Sie uns bitte.[\/et_pb_pricing_table][et_pb_pricing_table title=&#8220;Revolution 46&#8243; subtitle=&#8220;Offshore&#8220; currency=&#8220;\u20ac&#8220; sum=&#8220;660&#8243; _builder_version=&#8220;3.16&#8243; button_text_size__hover_enabled=&#8220;off&#8220; button_one_text_size__hover_enabled=&#8220;off&#8220; button_two_text_size__hover_enabled=&#8220;off&#8220; button_text_color__hover_enabled=&#8220;off&#8220; button_one_text_color__hover_enabled=&#8220;off&#8220; button_two_text_color__hover_enabled=&#8220;off&#8220; button_border_width__hover_enabled=&#8220;off&#8220; button_one_border_width__hover_enabled=&#8220;off&#8220; button_two_border_width__hover_enabled=&#8220;off&#8220; button_border_color__hover_enabled=&#8220;off&#8220; button_one_border_color__hover_enabled=&#8220;off&#8220; button_two_border_color__hover_enabled=&#8220;off&#8220; button_border_radius__hover_enabled=&#8220;off&#8220; button_one_border_radius__hover_enabled=&#8220;off&#8220; button_two_border_radius__hover_enabled=&#8220;off&#8220; button_letter_spacing__hover_enabled=&#8220;off&#8220; button_one_letter_spacing__hover_enabled=&#8220;off&#8220; button_two_letter_spacing__hover_enabled=&#8220;off&#8220; button_bg_color__hover_enabled=&#8220;off&#8220; button_one_bg_color__hover_enabled=&#8220;off&#8220; button_two_bg_color__hover_enabled=&#8220;off&#8220;]+ Professionelle Crew,<br \/>\n+ Versicherung<br \/>\n+ Steuern<br \/>\n+ Portugiesischer Champagner<br \/>\n+ Wei\u00dfwein<br \/>\n+ Bier<br \/>\n+ Softdrinks<br \/>\n+ Wasser und leichte Snacks<br \/>\n&#8211; F\u00fcr ma\u00dfgeschneiderte oder Wochencharter kontaktieren Sie uns bitte.[\/et_pb_pricing_table][et_pb_pricing_table featured=&#8220;on&#8220; title=&#8220;Hawk 32&#8243; subtitle=&#8220;Sportboot&#8220; currency=&#8220;\u20ac&#8220; sum=&#8220;520&#8243; _builder_version=&#8220;3.16&#8243; button_text_size__hover_enabled=&#8220;off&#8220; button_one_text_size__hover_enabled=&#8220;off&#8220; button_two_text_size__hover_enabled=&#8220;off&#8220; button_text_color__hover_enabled=&#8220;off&#8220; button_one_text_color__hover_enabled=&#8220;off&#8220; button_two_text_color__hover_enabled=&#8220;off&#8220; button_border_width__hover_enabled=&#8220;off&#8220; button_one_border_width__hover_enabled=&#8220;off&#8220; button_two_border_width__hover_enabled=&#8220;off&#8220; button_border_color__hover_enabled=&#8220;off&#8220; button_one_border_color__hover_enabled=&#8220;off&#8220; button_two_border_color__hover_enabled=&#8220;off&#8220; button_border_radius__hover_enabled=&#8220;off&#8220; button_one_border_radius__hover_enabled=&#8220;off&#8220; button_two_border_radius__hover_enabled=&#8220;off&#8220; button_letter_spacing__hover_enabled=&#8220;off&#8220; button_one_letter_spacing__hover_enabled=&#8220;off&#8220; button_two_letter_spacing__hover_enabled=&#8220;off&#8220; button_bg_color__hover_enabled=&#8220;off&#8220; button_one_bg_color__hover_enabled=&#8220;off&#8220; button_two_bg_color__hover_enabled=&#8220;off&#8220;]+ Professionelle Crew,<br \/>\n+ Versicherung<br \/>\n+ Steuern<br \/>\n+ Portugiesischer Champagner<br \/>\n+ Wei\u00dfwein<br \/>\n+ Bier<br \/>\n+ Softdrinks<br \/>\n+ Wasser und leichte Snacks<br \/>\n&#8211; F\u00fcr ma\u00dfgeschneiderte oder Wochencharter kontaktieren Sie uns bitte.[\/et_pb_pricing_table][et_pb_pricing_table title=&#8220;Power 29&#8243; subtitle=&#8220;Sportboot&#8220; currency=&#8220;\u20ac&#8220; sum=&#8220;350&#8243; _builder_version=&#8220;3.16&#8243; button_text_size__hover_enabled=&#8220;off&#8220; button_one_text_size__hover_enabled=&#8220;off&#8220; button_two_text_size__hover_enabled=&#8220;off&#8220; button_text_color__hover_enabled=&#8220;off&#8220; button_one_text_color__hover_enabled=&#8220;off&#8220; button_two_text_color__hover_enabled=&#8220;off&#8220; button_border_width__hover_enabled=&#8220;off&#8220; button_one_border_width__hover_enabled=&#8220;off&#8220; button_two_border_width__hover_enabled=&#8220;off&#8220; button_border_color__hover_enabled=&#8220;off&#8220; button_one_border_color__hover_enabled=&#8220;off&#8220; button_two_border_color__hover_enabled=&#8220;off&#8220; button_border_radius__hover_enabled=&#8220;off&#8220; button_one_border_radius__hover_enabled=&#8220;off&#8220; button_two_border_radius__hover_enabled=&#8220;off&#8220; button_letter_spacing__hover_enabled=&#8220;off&#8220; button_one_letter_spacing__hover_enabled=&#8220;off&#8220; button_two_letter_spacing__hover_enabled=&#8220;off&#8220; button_bg_color__hover_enabled=&#8220;off&#8220; button_one_bg_color__hover_enabled=&#8220;off&#8220; button_two_bg_color__hover_enabled=&#8220;off&#8220;]+ Professionelle Crew,<br \/>\n+ Versicherung<br \/>\n+ Steuern<br \/>\n+ Portugiesischer Champagner<br \/>\n+ Wei\u00dfwein<br \/>\n+ Bier<br \/>\n+ Softdrinks<br \/>\n+ Wasser und leichte Snacks<br \/>\n&#8211; F\u00fcr ma\u00dfgeschneiderte oder Wochencharter kontaktieren Sie uns bitte.[\/et_pb_pricing_table][\/et_pb_pricing_tables][\/et_pb_column][\/et_pb_row][\/et_pb_section][et_pb_section fb_built=&#8220;1&#8243; _builder_version=&#8220;3.22&#8243; custom_padding=&#8220;0|0px|54px|0px|false|false&#8220;][et_pb_row _builder_version=&#8220;3.25&#8243;][et_pb_column type=&#8220;4_4&#8243; _builder_version=&#8220;3.0.47&#8243; custom_padding=&#8220;|||&#8220; custom_padding__hover=&#8220;|||&#8220;][et_pb_text _builder_version=&#8220;3.27.4&#8243;]<\/p>\n<h3 class=\"tw-data-text tw-ta tw-text-medium\" data-placeholder=\"Tradu\u00e7\u00e3o\" id=\"tw-target-text\" dir=\"ltr\"><span lang=\"de\">Meistens gesucht<\/span><\/h3>\n<p>[\/et_pb_text][et_pb_blog fullwidth=&#8220;off&#8220; posts_number=&#8220;15&#8243; include_categories=&#8220;3&#8243; show_author=&#8220;off&#8220; show_date=&#8220;off&#8220; show_categories=&#8220;off&#8220; show_pagination=&#8220;off&#8220; disabled_on=&#8220;on|on|on&#8220; _builder_version=&#8220;3.17.2&#8243;]<br \/>\n[\/et_pb_blog][\/et_pb_column][\/et_pb_row][et_pb_row column_structure=&#8220;1_3,1_3,1_3&#8243; _builder_version=&#8220;3.25&#8243;][et_pb_column type=&#8220;1_3&#8243; _builder_version=&#8220;3.0.47&#8243; custom_padding=&#8220;|||&#8220; custom_padding__hover=&#8220;|||&#8220;][et_pb_blurb title=&#8220;SHIPMAN 50&#8243; image=&#8220;https:\/\/privateyachtcharter.pt\/wp-content\/uploads\/2018\/10\/Saint-Maxime-Editado-11.jpg&#8220; _builder_version=&#8220;3.19.5&#8243; text_orientation=&#8220;justified&#8220; max_width=&#8220;85%&#8220; module_alignment=&#8220;center&#8220;]<\/p>\n<p><span style=\"color: #000000;\">Saint Maxime &#8211; Shipman 50 ist die einzige vollst\u00e4ndig in Carbon konstruierte Yacht, die Sie in Portugal chartern k\u00f6nnen. Ein extrem sch\u00f6ner und f\u00e4higer Kreuzer mit einem Carbon-Epoxy-Rumpf, und einem Layout, der ein Achter-Cockpit mit einem Pilothouse und der Leistung einer reinrassigen Rennjacht vereint. <\/span><\/p>\n<p>[\/et_pb_blurb][et_pb_button button_url=&#8220;https:\/\/privateyachtcharter.pt\/de\/shipman-50\/&#8220; button_text=&#8220;Mehr Sehen&#8220; button_alignment=&#8220;center&#8220; _builder_version=&#8220;4.4.0&#8243; vertical_offset_tablet=&#8220;0&#8243; horizontal_offset_tablet=&#8220;0&#8243; z_index_tablet=&#8220;0&#8243; button_text_shadow_horizontal_length_tablet=&#8220;0px&#8220; button_text_shadow_vertical_length_tablet=&#8220;0px&#8220; button_text_shadow_blur_strength_tablet=&#8220;1px&#8220; box_shadow_horizontal_tablet=&#8220;0px&#8220; box_shadow_vertical_tablet=&#8220;0px&#8220; box_shadow_blur_tablet=&#8220;40px&#8220; box_shadow_spread_tablet=&#8220;0px&#8220;]<br \/>\n[\/et_pb_button][\/et_pb_column][et_pb_column type=&#8220;1_3&#8243; _builder_version=&#8220;3.0.47&#8243; custom_padding=&#8220;|||&#8220; custom_padding__hover=&#8220;|||&#8220;][et_pb_blurb title=&#8220;REVOLUTION 46&#8243; image=&#8220;https:\/\/privateyachtcharter.pt\/wp-content\/uploads\/2018\/10\/Revolution-21.jpg&#8220; _builder_version=&#8220;3.17.2&#8243; text_orientation=&#8220;justified&#8220; max_width=&#8220;85%&#8220; module_alignment=&#8220;center&#8220;]<\/p>\n<p><span style=\"color: #000000;\">Santa Barbara ist ein sehr sch\u00f6nes Offshore-Schnellboot, das 46 Fu\u00df misst. Ausgestattet mit zwei Diesel 480-PS-Volvo-Motoren und mit dem Arneson Surface Drive System, mit Inox-Rolla-Propellern als Antrieb. Damit erreicht sie bis zu 50 Knoten Geschwindigkeit.<\/span><\/p>\n<p>[\/et_pb_blurb][et_pb_button button_url=&#8220;https:\/\/privateyachtcharter.pt\/de\/revolution-46\/&#8220; button_text=&#8220;Mehr Sehen&#8220; button_alignment=&#8220;center&#8220; _builder_version=&#8220;4.4.0&#8243; vertical_offset_tablet=&#8220;0&#8243; horizontal_offset_tablet=&#8220;0&#8243; z_index_tablet=&#8220;0&#8243; button_text_shadow_horizontal_length_tablet=&#8220;0px&#8220; button_text_shadow_vertical_length_tablet=&#8220;0px&#8220; button_text_shadow_blur_strength_tablet=&#8220;1px&#8220; box_shadow_horizontal_tablet=&#8220;0px&#8220; box_shadow_vertical_tablet=&#8220;0px&#8220; box_shadow_blur_tablet=&#8220;40px&#8220; box_shadow_spread_tablet=&#8220;0px&#8220;]<br \/>\n[\/et_pb_button][\/et_pb_column][et_pb_column type=&#8220;1_3&#8243; _builder_version=&#8220;3.0.47&#8243; custom_padding=&#8220;|||&#8220; custom_padding__hover=&#8220;|||&#8220;][et_pb_blurb title=&#8220;HAWK 32&#8243; image=&#8220;https:\/\/privateyachtcharter.pt\/wp-content\/uploads\/2018\/10\/Hawk-11.jpg&#8220; _builder_version=&#8220;3.17.2&#8243; text_orientation=&#8220;justified&#8220; max_width=&#8220;85%&#8220; module_alignment=&#8220;center&#8220;]<\/p>\n<p><span style=\"color: #000000;\">Hawk 32 ist ein Sportboot, im Monoblock-System gebaut und garantiert dadurch bestm\u00f6gliche Ausdauer, Finishing und strukturelle Stabilit\u00e4t. Der Rumpf ist mit zwei Volvo Penta 230 Hp Dieselmotoren ausgestattet. Die HAWK 32 navigiert sich trotz ihrer hervorragenden sportlichen Leistung sehr sanft.<\/span><\/p>\n<p>[\/et_pb_blurb][et_pb_button button_url=&#8220;https:\/\/privateyachtcharter.pt\/de\/hawk-32\/&#8220; button_text=&#8220;Mehr Sehen&#8220; button_alignment=&#8220;center&#8220; _builder_version=&#8220;4.4.0&#8243; vertical_offset_tablet=&#8220;0&#8243; horizontal_offset_tablet=&#8220;0&#8243; z_index_tablet=&#8220;0&#8243; button_text_shadow_horizontal_length_tablet=&#8220;0px&#8220; button_text_shadow_vertical_length_tablet=&#8220;0px&#8220; button_text_shadow_blur_strength_tablet=&#8220;1px&#8220; box_shadow_horizontal_tablet=&#8220;0px&#8220; box_shadow_vertical_tablet=&#8220;0px&#8220; box_shadow_blur_tablet=&#8220;40px&#8220; box_shadow_spread_tablet=&#8220;0px&#8220;]<br \/>\n[\/et_pb_button][\/et_pb_column][\/et_pb_row][et_pb_row column_structure=&#8220;1_3,1_3,1_3&#8243; _builder_version=&#8220;3.25&#8243;][et_pb_column type=&#8220;1_3&#8243; _builder_version=&#8220;3.0.47&#8243; custom_padding=&#8220;|||&#8220; custom_padding__hover=&#8220;|||&#8220;][et_pb_blurb title=&#8220;POWER 29&#8243; image=&#8220;https:\/\/privateyachtcharter.pt\/wp-content\/uploads\/2018\/10\/1-11.jpg&#8220; _builder_version=&#8220;3.17.2&#8243; text_orientation=&#8220;justified&#8220; max_width=&#8220;85%&#8220; module_alignment=&#8220;center&#8220;]<\/p>\n<article id=\"post-471\" class=\"et_pb_post clearfix post-471 post type-post status-publish format-standard has-post-thumbnail hentry category-iates\">\n<div class=\"post-content\">\n<article id=\"post-472\" class=\"et_pb_post clearfix post-472 post type-post status-publish format-standard has-post-thumbnail hentry category-iates\">\n<div class=\"post-content\">\n<p><span style=\"color: #000000;\">Power 29 ist mit einem Volvo Penta 270 PS Benzinmotor ausgestattet, und navigiert sehr leichtg\u00e4ngig. Die hervorstehenden Linien und die tiefe &#8222;V&#8220; -Form des Rumpfes erm\u00f6glichen ein schnelles und gleichm\u00e4\u00dfiges navigieren und stellen sicher, dass das Boot in Kurven nie an Stabilit\u00e4t verliert.<\/span><\/p>\n<\/div>\n<\/article>\n<article id=\"post-470\" class=\"et_pb_post clearfix post-470 post type-post status-publish format-standard has-post-thumbnail hentry category-iates\">\n<div class=\"et_pb_image_container\"><\/div>\n<\/article>\n<\/div>\n<\/article>\n<p>[\/et_pb_blurb][et_pb_button button_url=&#8220;https:\/\/privateyachtcharter.pt\/de\/power-29\/&#8220; button_text=&#8220;Mehr Sehen&#8220; button_alignment=&#8220;center&#8220; _builder_version=&#8220;4.4.0&#8243; vertical_offset_tablet=&#8220;0&#8243; horizontal_offset_tablet=&#8220;0&#8243; z_index_tablet=&#8220;0&#8243; button_text_shadow_horizontal_length_tablet=&#8220;0px&#8220; button_text_shadow_vertical_length_tablet=&#8220;0px&#8220; button_text_shadow_blur_strength_tablet=&#8220;1px&#8220; box_shadow_horizontal_tablet=&#8220;0px&#8220; box_shadow_vertical_tablet=&#8220;0px&#8220; box_shadow_blur_tablet=&#8220;40px&#8220; box_shadow_spread_tablet=&#8220;0px&#8220;]<br \/>\n[\/et_pb_button][\/et_pb_column][et_pb_column type=&#8220;1_3&#8243; _builder_version=&#8220;3.0.47&#8243; custom_padding=&#8220;|||&#8220; custom_padding__hover=&#8220;|||&#8220;][et_pb_blurb title=&#8220;CATRAIO DO TEJO&#8220; image=&#8220;https:\/\/privateyachtcharter.pt\/wp-content\/uploads\/2018\/10\/estrela-051.jpg&#8220; _builder_version=&#8220;3.17.2&#8243; text_orientation=&#8220;justified&#8220; max_width=&#8220;85%&#8220; module_alignment=&#8220;center&#8220;]<\/p>\n<p><span style=\"color: #000000;\">Catraios sind kleine Boote, deren L\u00e4nge 6,5 Meter nicht \u00fcberschreitet. Fr\u00fcher wurden sie benutzt, um kleine G\u00fcter und Passagiere zu transportieren.<\/span><\/p>\n<p>[\/et_pb_blurb][et_pb_button button_url=&#8220;https:\/\/privateyachtcharter.pt\/de\/catraio-do-tejo\/&#8220; button_text=&#8220;Mehr Sehen&#8220; button_alignment=&#8220;center&#8220; _builder_version=&#8220;4.4.0&#8243; vertical_offset_tablet=&#8220;0&#8243; horizontal_offset_tablet=&#8220;0&#8243; z_index_tablet=&#8220;0&#8243; button_text_shadow_horizontal_length_tablet=&#8220;0px&#8220; button_text_shadow_vertical_length_tablet=&#8220;0px&#8220; button_text_shadow_blur_strength_tablet=&#8220;1px&#8220; box_shadow_horizontal_tablet=&#8220;0px&#8220; box_shadow_vertical_tablet=&#8220;0px&#8220; box_shadow_blur_tablet=&#8220;40px&#8220; box_shadow_spread_tablet=&#8220;0px&#8220;]<br \/>\n[\/et_pb_button][\/et_pb_column][et_pb_column type=&#8220;1_3&#8243; _builder_version=&#8220;3.0.47&#8243; custom_padding=&#8220;|||&#8220; custom_padding__hover=&#8220;|||&#8220;][\/et_pb_column][\/et_pb_row][et_pb_row column_structure=&#8220;1_3,1_3,1_3&#8243; _builder_version=&#8220;3.25&#8243; custom_padding=&#8220;0|0px|27px|0px|false|false&#8220;][et_pb_column type=&#8220;1_3&#8243; _builder_version=&#8220;3.0.47&#8243; custom_padding=&#8220;|||&#8220; custom_padding__hover=&#8220;|||&#8220;][\/et_pb_column][et_pb_column type=&#8220;1_3&#8243; _builder_version=&#8220;3.0.47&#8243; custom_padding=&#8220;|||&#8220; custom_padding__hover=&#8220;|||&#8220;][\/et_pb_column][et_pb_column type=&#8220;1_3&#8243; _builder_version=&#8220;3.0.47&#8243; custom_padding=&#8220;|||&#8220; custom_padding__hover=&#8220;|||&#8220;][\/et_pb_column][\/et_pb_row][\/et_pb_section]<\/p>\n","protected":false},"excerpt":{"rendered":"<p>Alle unsere Yachten befinden sich in unserem Privatbesitz und werden deshalb zwischen jedem Charter sorgf\u00e4ltig gewartet und gepflegt. Dennoch verf\u00fcgt unsere Flotte \u00fcber noch andere Boote zum Chartern (ausser Katamarane) F\u00fcr mehr Information bitte kontaktieren Sie uns.<\/p>\n","protected":false},"author":6,"featured_media":715,"parent":0,"menu_order":0,"comment_status":"closed","ping_status":"closed","template":"","meta":{"_et_pb_use_builder":"on","_et_pb_old_content":"","_et_gb_content_width":"","footnotes":""},"class_list":["post-714","page","type-page","status-publish","has-post-thumbnail","hentry"],"aioseo_notices":[],"acf":[],"_links":{"self":[{"href":"https:\/\/privateyachtcharter.pt\/de\/wp-json\/wp\/v2\/pages\/714","targetHints":{"allow":["GET"]}}],"collection":[{"href":"https:\/\/privateyachtcharter.pt\/de\/wp-json\/wp\/v2\/pages"}],"about":[{"href":"https:\/\/privateyachtcharter.pt\/de\/wp-json\/wp\/v2\/types\/page"}],"author":[{"embeddable":true,"href":"https:\/\/privateyachtcharter.pt\/de\/wp-json\/wp\/v2\/users\/6"}],"replies":[{"embeddable":true,"href":"https:\/\/privateyachtcharter.pt\/de\/wp-json\/wp\/v2\/comments?post=714"}],"version-history":[{"count":21,"href":"https:\/\/privateyachtcharter.pt\/de\/wp-json\/wp\/v2\/pages\/714\/revisions"}],"predecessor-version":[{"id":3284,"href":"https:\/\/privateyachtcharter.pt\/de\/wp-json\/wp\/v2\/pages\/714\/revisions\/3284"}],"wp:featuredmedia":[{"embeddable":true,"href":"https:\/\/privateyachtcharter.pt\/de\/wp-json\/wp\/v2\/media\/715"}],"wp:attachment":[{"href":"https:\/\/privateyachtcharter.pt\/de\/wp-json\/wp\/v2\/media?parent=714"}],"curies":[{"name":"wp","href":"https:\/\/api.w.org\/{rel}","templated":true}]}}